{"id":913,"date":"2015-12-29T22:59:13","date_gmt":"2015-12-29T21:59:13","guid":{"rendered":"http:\/\/www.gemeinde-gottes-kirchberg.de\/?page_id=913"},"modified":"2023-10-20T18:49:57","modified_gmt":"2023-10-20T16:49:57","slug":"ueber-uns","status":"publish","type":"page","link":"https:\/\/www.gemeinde-gottes-kirchberg.de\/?page_id=913","title":{"rendered":"\u00dcber uns"},"content":{"rendered":"<p>Lieber Besucher ,<\/p>\n<p>gerne erkl\u00e4ren wir n\u00e4her, wer hinter dieser Gemeinschaft steht, was unsere Beweggr\u00fcnde sind und f\u00fcr welche \u00dcberzeugungen wir einstehen.<\/p>\n<h3>Wer sind wir?<\/h3>\n<p>Wir sind Menschen verschiedener Herkunft und Nationalit\u00e4ten. Generations\u00fcbergreifend haben wir einen Kernpunkt, der nie an Aktualit\u00e4t verlieren wird und stets unsere Richtlinie in Glaubensfragen ist \u2013 n\u00e4mlich Gottes Wort oder die Bibel. Dieses ist folglich nicht nur die Orientierung f\u00fcr unser t\u00e4gliches Leben, sondern es ist auch der Wegweiser f\u00fcr unsere Gemeinde.<\/p>\n<h3>Warum nennen wir uns \u201eGemeinde Gottes\u201c?<\/h3>\n<p>Der Name \u201eGemeinde Gottes\u201c ist keine Verschleierung einer Glaubensrichtung, noch darf er als eine Anma\u00dfung verstanden werden. Es ist lediglich die Bezeichnung einer Gemeinschaft gl\u00e4ubiger Christen, wie wir sie in der Bibel finden (z.B. 1. Kor. 1;2)<\/p>\n<h3>Wer ist der Gr\u00fcnder, Gestalter und Mitglied der Gemeinde?<\/h3>\n<p>Jesus Christus ist der einzige Weg und das Haupt der Gemeinde (Joh. 14;6, Eph. 5;23). Die Bibel sagt, dass alle &#8222;wiedergeborene&#8220; Christen Kinder Gottes sind (Joh. 1;12).<\/p>\n<p>Menschen, die von Gott ver\u00e4ndert werden, bilden seine Gemeinde und finden hier ihre Aufgabe und ihren Platz. Wir sind der \u00dcberzeugung, dass nicht Menschen, sondern Gott \u00fcber diese Zugeh\u00f6rigkeit entscheidet, denn \u201eein Mensch sieht, was vor Augen ist; der Herr sieht aber das Herz an\u201c (1. Sam. 16;7).<\/p>\n<p><span style=\"font-family: Arial,sans-serif;\">&nbsp;<\/span><\/p>\n","protected":false},"excerpt":{"rendered":"<p>Lieber Besucher , gerne erkl\u00e4ren wir n\u00e4her, wer hinter dieser Gemeinschaft steht, was unsere Beweggr\u00fcnde sind und f\u00fcr welche \u00dcberzeugungen wir einstehen. Wer sind wir? Wir sind Menschen verschiedener Herkunft und Nationalit\u00e4ten. Generations\u00fcbergreifend haben wir einen Kernpunkt, der nie an Aktualit\u00e4t verlieren wird und stets unsere Richtlinie in Glaubensfragen ist \u2013 n\u00e4mlich Gottes Wort oder [&hellip;]<\/p>\n","protected":false},"author":11,"featured_media":0,"parent":165,"menu_order":0,"comment_status":"closed","ping_status":"closed","template":"","meta":{"_uag_custom_page_level_css":"","ngg_post_thumbnail":0,"_mc_calendar":[],"footnotes":""},"class_list":["post-913","page","type-page","status-publish","hentry"],"uagb_featured_image_src":{"full":false,"thumbnail":false,"medium":false,"medium_large":false,"large":false,"1536x1536":false,"2048x2048":false},"uagb_author_info":{"display_name":"daa","author_link":"https:\/\/www.gemeinde-gottes-kirchberg.de\/?author=11"},"uagb_comment_info":0,"uagb_excerpt":"Lieber Besucher , gerne erkl\u00e4ren wir n\u00e4her, wer hinter dieser Gemeinschaft steht, was unsere Beweggr\u00fcnde sind und f\u00fcr welche \u00dcberzeugungen wir einstehen. Wer sind wir? Wir sind Menschen verschiedener Herkunft und Nationalit\u00e4ten. Generations\u00fcbergreifend haben wir einen Kernpunkt, der nie an Aktualit\u00e4t verlieren wird und stets unsere Richtlinie in Glaubensfragen ist \u2013 n\u00e4mlich Gottes Wort oder&hellip;","_links":{"self":[{"href":"https:\/\/www.gemeinde-gottes-kirchberg.de\/index.php?rest_route=\/wp\/v2\/pages\/913","targetHints":{"allow":["GET"]}}],"collection":[{"href":"https:\/\/www.gemeinde-gottes-kirchberg.de\/index.php?rest_route=\/wp\/v2\/pages"}],"about":[{"href":"https:\/\/www.gemeinde-gottes-kirchberg.de\/index.php?rest_route=\/wp\/v2\/types\/page"}],"author":[{"embeddable":true,"href":"https:\/\/www.gemeinde-gottes-kirchberg.de\/index.php?rest_route=\/wp\/v2\/users\/11"}],"replies":[{"embeddable":true,"href":"https:\/\/www.gemeinde-gottes-kirchberg.de\/index.php?rest_route=%2Fwp%2Fv2%2Fcomments&post=913"}],"version-history":[{"count":9,"href":"https:\/\/www.gemeinde-gottes-kirchberg.de\/index.php?rest_route=\/wp\/v2\/pages\/913\/revisions"}],"predecessor-version":[{"id":3842,"href":"https:\/\/www.gemeinde-gottes-kirchberg.de\/index.php?rest_route=\/wp\/v2\/pages\/913\/revisions\/3842"}],"up":[{"embeddable":true,"href":"https:\/\/www.gemeinde-gottes-kirchberg.de\/index.php?rest_route=\/wp\/v2\/pages\/165"}],"wp:attachment":[{"href":"https:\/\/www.gemeinde-gottes-kirchberg.de\/index.php?rest_route=%2Fwp%2Fv2%2Fmedia&parent=913"}],"curies":[{"name":"wp","href":"https:\/\/api.w.org\/{rel}","templated":true}]}}