{"id":938,"date":"2016-01-01T23:51:54","date_gmt":"2016-01-01T22:51:54","guid":{"rendered":"http:\/\/www.gemeinde-gottes-kirchberg.de\/?page_id=938"},"modified":"2022-01-02T19:52:07","modified_gmt":"2022-01-02T18:52:07","slug":"thema-des-monats","status":"publish","type":"page","link":"https:\/\/www.gemeinde-gottes-kirchberg.de\/?page_id=938","title":{"rendered":"Themenreihen"},"content":{"rendered":"<div data-colibri-id=\"938-c1\" class=\"style-426 style-local-938-c1 position-relative\">\n  <!---->\n  <div data-colibri-component=\"section\" data-colibri-id=\"938-c2\" id=\"neues-leben\" class=\"h-section h-section-global-spacing d-flex align-items-lg-start align-items-md-start align-items-start style-431 style-local-938-c2 position-relative\">\n    <!---->\n    <!---->\n    <div class=\"h-section-grid-container h-section-boxed-container\">\n      <!---->\n      <div data-colibri-id=\"938-c3\" class=\"h-row-container gutters-row-lg-2 gutters-row-md-2 gutters-row-0 gutters-row-v-lg-2 gutters-row-v-md-2 gutters-row-v-2 style-432 style-local-938-c3 position-relative\">\n        <!---->\n        <div class=\"h-row justify-content-lg-center justify-content-md-center justify-content-center align-items-lg-stretch align-items-md-stretch align-items-stretch gutters-col-lg-2 gutters-col-md-2 gutters-col-0 gutters-col-v-lg-2 gutters-col-v-md-2 gutters-col-v-2\">\n          <!---->\n          <div class=\"h-column h-column-container d-flex h-col-lg-auto h-col-md-auto h-col-auto style-433-outer style-local-938-c4-outer\">\n            <div data-colibri-id=\"938-c4\" class=\"d-flex h-flex-basis h-column__inner h-px-lg-2 h-px-md-2 h-px-2 v-inner-lg-2 v-inner-md-2 v-inner-2 style-433 style-local-938-c4 position-relative\">\n              <!---->\n              <!---->\n              <div class=\"w-100 h-y-container h-column__content h-column__v-align flex-basis-100 align-self-lg-center align-self-md-center align-self-center\">\n                <!---->\n                <div data-colibri-id=\"938-c5\" class=\"h-global-transition-all h-heading style-434 style-local-938-c5 position-relative h-element\">\n                  <!---->\n                  <div class=\"h-heading__outer style-434 style-local-938-c5\">\n                    <!---->\n                    <!---->\n                    <h2 class=\"\"><em style=\"color: rgb(184, 20, 5); font-family: Freehand; font-size: 172%;\">neues Leben<\/em><\/h2>\n                  <\/div>\n                <\/div>\n                <div data-colibri-id=\"938-c6\" class=\"h-lead h-text h-text-component style-435 style-local-938-c6 position-relative h-element\">\n                  <!---->\n                  <!---->\n                  <div class=\"\">\n                    <p><strong>&#8230;was bewegt heute Christen, ihr Leben auf Grunds\u00e4tze auszurichten, die wissenschaftlich nicht nachzuweisen sind?<\/strong><\/p>\n                  <\/div>\n                <\/div>\n                <div data-colibri-id=\"938-c7\" class=\"h-lead h-text h-text-component style-435 style-local-938-c7 position-relative h-element\">\n                  <!---->\n                  <!---->\n                  <div class=\"\">\n                    <p><strong>&#8230;wie erleben die Menschen eine Bekehrung oder Wiedergeburt in ein neues Leben mit Gott?<\/strong><\/p>\n                  <\/div>\n                <\/div>\n                <div data-colibri-id=\"938-c8\" class=\"h-text h-text-component style-436 style-local-938-c8 position-relative h-element\">\n                  <!---->\n                  <!---->\n                  <div class=\"\">\n                    <p>In dieser Themenreihe erz\u00e4hlen Menschen, wie Gott pers\u00f6nlich in ihr Leben getreten ist\n                      <br>\n                    <\/p>\n                  <\/div>\n                <\/div>\n                <div data-colibri-id=\"938-c9\" class=\"h-x-container style-437 style-local-938-c9 position-relative h-element\">\n                  <!---->\n                  <div class=\"h-x-container-inner style-dynamic-938-c9-group style-437-spacing style-local-938-c9-spacing\"><span class=\"h-button__outer style-438-outer style-local-938-c10-outer d-inline-flex h-element\"><a h-use-smooth-scroll=\"true\" href=\"http:\/\/www.gemeinde-gottes-kirchberg.de\/?cat=183\"  data-colibri-id=\"938-c10\" class=\"d-flex w-100 align-items-center h-button justify-content-lg-center justify-content-md-center justify-content-center style-438 style-local-938-c10 position-relative\"><!----><!----> <span>zur Themenreihe<\/span><\/a>\n                    <\/span>\n                  <\/div>\n                <\/div>\n              <\/div>\n            <\/div>\n          <\/div>\n          <div class=\"h-column h-column-container d-flex h-col-lg-auto h-col-md-auto h-col-auto style-439-outer style-local-938-c11-outer\">\n            <div data-colibri-id=\"938-c11\" class=\"d-flex h-flex-basis h-column__inner h-px-lg-2 h-px-md-2 h-px-2 v-inner-lg-2 v-inner-md-2 v-inner-2 style-439 style-local-938-c11 position-relative\">\n              <!---->\n              <!---->\n              <div class=\"w-100 h-y-container h-column__content h-column__v-align flex-basis-100 align-self-lg-start align-self-md-start align-self-start\">\n                <!---->\n                <div data-colibri-id=\"938-c12\" class=\"h-multiple-image style-440 style-local-938-c12 position-relative h-element\">\n                  <!---->\n                  <div class=\"position-relative\">\n                    <div class=\"h-multiple-image-inside-container\">\n                      <div class=\"ratio-inner\">\n                        <div data-colibri-id=\"938-c13\" class=\"d-block style-441 style-local-938-c13 position-relative h-element\">\n                          <!---->\n                          <div class=\"h-image__frame-container-outer\">\n                            <div class=\"h-image__frame-container\">\n                              <!---->\n                              <!---->\n                              <img loading=\"lazy\" decoding=\"async\" width=\"225\" height=\"224\" src=\"http:\/\/www.gemeinde-gottes-kirchberg.de\/wp-content\/uploads\/2020\/06\/cropped-Jesus-dornenkr.jpg\" class=\"style-440-images style-local-938-c12-images wp-image-3273 style-441-image style-local-938-c13-image\" alt=\"\" srcset=\"https:\/\/www.gemeinde-gottes-kirchberg.de\/wp-content\/uploads\/2020\/06\/cropped-Jesus-dornenkr.jpg 225w, https:\/\/www.gemeinde-gottes-kirchberg.de\/wp-content\/uploads\/2020\/06\/cropped-Jesus-dornenkr-150x150.jpg 150w\" sizes=\"auto, (max-width: 225px) 100vw, 225px\" \/>\n                              <div class=\"h-image__frame h-hide-lg h-hide-md h-hide-sm style-441-frameImage style-local-938-c13-frameImage\"><\/div>\n                            <\/div>\n                          <\/div>\n                        <\/div>\n                        <div data-colibri-id=\"938-c14\" class=\"d-block style-442 style-local-938-c14 position-relative h-element\">\n                          <!---->\n                          <div class=\"h-image__frame-container-outer\">\n                            <div class=\"h-image__frame-container\">\n                              <!---->\n                              <!---->\n                              <img loading=\"lazy\" decoding=\"async\" width=\"424\" height=\"423\" src=\"http:\/\/www.gemeinde-gottes-kirchberg.de\/wp-content\/uploads\/2020\/09\/cropped-hiking-2618010_640.jpg\" class=\"style-440-images style-local-938-c12-images wp-image-3272 style-442-image style-local-938-c14-image\" alt=\"\" srcset=\"https:\/\/www.gemeinde-gottes-kirchberg.de\/wp-content\/uploads\/2020\/09\/cropped-hiking-2618010_640.jpg 424w, https:\/\/www.gemeinde-gottes-kirchberg.de\/wp-content\/uploads\/2020\/09\/cropped-hiking-2618010_640-300x300.jpg 300w, https:\/\/www.gemeinde-gottes-kirchberg.de\/wp-content\/uploads\/2020\/09\/cropped-hiking-2618010_640-150x150.jpg 150w\" sizes=\"auto, (max-width: 424px) 100vw, 424px\" \/>\n                              <div class=\"h-image__frame h-hide-lg h-hide-md h-hide-sm style-442-frameImage style-local-938-c14-frameImage\"><\/div>\n                            <\/div>\n                          <\/div>\n                        <\/div>\n                        <div data-colibri-id=\"938-c15\" class=\"d-block style-443 style-local-938-c15 position-relative h-element\">\n                          <!---->\n                          <div class=\"h-image__frame-container-outer\">\n                            <div class=\"h-image__frame-container\">\n                              <!---->\n                              <!---->\n                              <img loading=\"lazy\" decoding=\"async\" width=\"716\" height=\"716\" src=\"http:\/\/www.gemeinde-gottes-kirchberg.de\/wp-content\/uploads\/2020\/03\/cropped-lifebelt-4148444_1280.jpg\" class=\"style-440-images style-local-938-c12-images wp-image-3274 style-443-image style-local-938-c15-image\" alt=\"\" srcset=\"https:\/\/www.gemeinde-gottes-kirchberg.de\/wp-content\/uploads\/2020\/03\/cropped-lifebelt-4148444_1280.jpg 716w, https:\/\/www.gemeinde-gottes-kirchberg.de\/wp-content\/uploads\/2020\/03\/cropped-lifebelt-4148444_1280-300x300.jpg 300w, https:\/\/www.gemeinde-gottes-kirchberg.de\/wp-content\/uploads\/2020\/03\/cropped-lifebelt-4148444_1280-150x150.jpg 150w\" sizes=\"auto, (max-width: 716px) 100vw, 716px\" \/>\n                              <div class=\"h-image__frame h-hide-lg h-hide-md h-hide-sm style-443-frameImage style-local-938-c15-frameImage\"><\/div>\n                            <\/div>\n                          <\/div>\n                        <\/div>\n                      <\/div>\n                    <\/div>\n                  <\/div>\n                <\/div>\n              <\/div>\n            <\/div>\n          <\/div>\n        <\/div>\n      <\/div>\n    <\/div>\n  <\/div>\n  <div data-colibri-component=\"section\" data-colibri-id=\"938-c20\" id=\"erfuelltes-leben\" class=\"h-section h-section-global-spacing d-flex align-items-lg-center align-items-md-center align-items-center style-462 style-local-938-c20 position-relative\">\n    <div class=\"background-wrapper\">\n      <div class=\"background-layer background-layer-media-container-lg\">\n        <!---->\n        <div class=\"overlay-layer\">\n          <div class=\"overlay-image-layer\" style=\"background-image: linear-gradient(-90deg, rgb(236, 246, 255) 40%, rgba(69, 58, 148, 0) 40%);\"><\/div>\n        <\/div>\n      <\/div>\n      <div class=\"background-layer background-layer-media-container-md\">\n        <!---->\n        <div class=\"overlay-layer\">\n          <div class=\"overlay-image-layer\" style=\"background-image: linear-gradient(-90deg, rgb(236, 246, 255) 40%, rgba(69, 58, 148, 0) 40%);\"><\/div>\n        <\/div>\n      <\/div>\n      <div class=\"background-layer background-layer-media-container\">\n        <!---->\n        <div class=\"overlay-layer\">\n          <div class=\"overlay-image-layer\" style=\"background-image: linear-gradient(-90deg, rgb(236, 246, 255) 40%, rgba(69, 58, 148, 0) 40%);\"><\/div>\n        <\/div>\n      <\/div>\n    <\/div>\n    <!---->\n    <div class=\"h-section-grid-container h-section-boxed-container\">\n      <!---->\n      <div data-colibri-id=\"938-c21\" class=\"h-row-container gutters-row-lg-2 gutters-row-md-2 gutters-row-2 gutters-row-v-lg-2 gutters-row-v-md-2 gutters-row-v-2 style-463 style-local-938-c21 position-relative\">\n        <!---->\n        <div class=\"h-row justify-content-lg-end justify-content-md-end justify-content-end align-items-lg-stretch align-items-md-stretch align-items-stretch gutters-col-lg-2 gutters-col-md-2 gutters-col-2 gutters-col-v-lg-2 gutters-col-v-md-2 gutters-col-v-2\">\n          <!---->\n          <div class=\"h-column h-column-container d-flex h-col-lg-auto h-col-md-auto h-col-auto style-464-outer style-local-938-c22-outer\">\n            <div data-colibri-id=\"938-c22\" class=\"d-flex h-flex-basis h-column__inner h-px-lg-0 h-px-md-0 h-px-0 v-inner-lg-0 v-inner-md-0 v-inner-0 style-464 style-local-938-c22 position-relative\">\n              <!---->\n              <!---->\n              <div class=\"w-100 h-y-container h-column__content h-column__v-align flex-basis-100 align-self-lg-center align-self-md-center align-self-center\">\n                <!---->\n                <div data-colibri-id=\"938-c23\" class=\"h-global-transition-all h-heading style-465 style-local-938-c23 position-relative h-element\">\n                  <!---->\n                  <div class=\"h-heading__outer style-465 style-local-938-c23\">\n                    <!---->\n                    <!---->\n                    <h4 class=\"\">Fragst Du nach dem Sinn des Lebens?<\/h4>\n                  <\/div>\n                <\/div>\n                <div data-colibri-id=\"938-c24\" class=\"h-global-transition-all h-heading style-466 style-local-938-c24 position-relative h-element\">\n                  <!---->\n                  <div class=\"h-heading__outer style-466 style-local-938-c24\">\n                    <!---->\n                    <!---->\n                    <h3 class=\"\">Ist ein erf\u00fclltes <span style=\"color: rgb(247, 144, 7); font-family: Arizonia; font-size: 170%;\">Leben<\/span> m\u00f6glich?<\/h3>\n                  <\/div>\n                <\/div>\n                <div data-colibri-id=\"938-c25\" class=\"h-x-container style-467 style-local-938-c25 position-relative h-element\">\n                  <!---->\n                  <div class=\"h-x-container-inner style-dynamic-938-c25-group style-467-spacing style-local-938-c25-spacing\"><span class=\"h-button__outer style-468-outer style-local-938-c26-outer d-inline-flex h-element\"><a h-use-smooth-scroll=\"true\" href=\"http:\/\/www.gemeinde-gottes-kirchberg.de\/?cat=182\"  data-colibri-id=\"938-c26\" class=\"d-flex w-100 align-items-center h-button justify-content-lg-center justify-content-md-center justify-content-center style-468 style-local-938-c26 position-relative\"><!----><!----> <span>zur Themenreihe<\/span><\/a>\n                    <\/span>\n                  <\/div>\n                <\/div>\n              <\/div>\n            <\/div>\n          <\/div>\n        <\/div>\n      <\/div>\n    <\/div>\n  <\/div>\n  <div data-colibri-component=\"section\" data-colibri-id=\"938-c27\" id=\"jesus-das-geschenk\" class=\"h-section h-section-global-spacing d-flex align-items-lg-center align-items-md-center align-items-center style-469 style-local-938-c27 position-relative\">\n    <!---->\n    <!---->\n    <div class=\"h-section-grid-container h-section-boxed-container\">\n      <!---->\n      <div data-colibri-id=\"938-c28\" class=\"h-row-container gutters-row-lg-2 gutters-row-md-2 gutters-row-2 gutters-row-v-lg-2 gutters-row-v-md-2 gutters-row-v-2 style-470 style-local-938-c28 position-relative\">\n        <!---->\n        <div class=\"h-row justify-content-lg-center justify-content-md-center justify-content-center align-items-lg-stretch align-items-md-stretch align-items-stretch gutters-col-lg-2 gutters-col-md-2 gutters-col-2 gutters-col-v-lg-2 gutters-col-v-md-2 gutters-col-v-2\">\n          <!---->\n          <div class=\"h-column h-column-container d-flex h-col-lg-auto h-col-md-auto h-col-auto style-471-outer style-local-938-c29-outer\">\n            <div data-colibri-id=\"938-c29\" class=\"d-flex h-flex-basis h-column__inner h-px-lg-2 h-px-md-2 h-px-2 v-inner-lg-2 v-inner-md-2 v-inner-2 style-471 style-local-938-c29 position-relative\">\n              <!---->\n              <!---->\n              <div class=\"w-100 h-y-container h-column__content h-column__v-align flex-basis-100 align-self-lg-center align-self-md-center align-self-center\">\n                <!---->\n                <div data-colibri-id=\"938-c31\" class=\"h-global-transition-all h-heading style-473 style-local-938-c31 position-relative h-element\">\n                  <!---->\n                  <div class=\"h-heading__outer style-473 style-local-938-c31\">\n                    <!---->\n                    <!---->\n                    <h3 class=\"\"><em style=\"font-size: 170%; color: rgb(3, 169, 244); font-family: Freehand;\">Jesus<\/em><span style=\"font-family: Freehand;\"> &#8211; <\/span><span style=\"font-weight: 400;\">das Geschenk unseres Lebens&#8230;<\/span><\/h3>\n                  <\/div>\n                <\/div>\n                <div data-colibri-id=\"938-c32\" class=\"h-lead h-text h-text-component style-474 style-local-938-c32 position-relative h-element\">\n                  <!---->\n                  <!---->\n                  <div class=\"\">\n                    <p>&#8230;das gr\u00f6\u00dfte Geschenk an die Menschheit\n                      <br>\n                    <\/p>\n                  <\/div>\n                <\/div>\n                <div data-colibri-id=\"938-c33\" class=\"h-lead h-text h-text-component style-474 style-local-938-c33 position-relative h-element\">\n                  <!---->\n                  <!---->\n                  <div class=\"\">\n                    <p>Hast Du es schon angenommen?\n                      <br>\n                    <\/p>\n                  <\/div>\n                <\/div>\n                <div data-colibri-id=\"938-c34\" class=\"h-x-container style-475 style-local-938-c34 position-relative h-element\">\n                  <!---->\n                  <div class=\"h-x-container-inner style-dynamic-938-c34-group style-475-spacing style-local-938-c34-spacing\"><span class=\"h-button__outer style-476-outer style-local-938-c35-outer d-inline-flex h-element\"><a h-use-smooth-scroll=\"true\" href=\"http:\/\/www.gemeinde-gottes-kirchberg.de\/?cat=181\"  data-colibri-id=\"938-c35\" class=\"d-flex w-100 align-items-center h-button justify-content-lg-center justify-content-md-center justify-content-center style-476 style-local-938-c35 position-relative\"><!----><!----> <span>zur Themenreihe<\/span><\/a>\n                    <\/span>\n                  <\/div>\n                <\/div>\n              <\/div>\n            <\/div>\n          <\/div>\n          <div class=\"h-column h-column-container d-flex h-col-lg-auto h-col-md-auto h-col-auto style-477-outer style-local-938-c36-outer\">\n            <div data-colibri-id=\"938-c36\" class=\"d-flex h-flex-basis h-column__inner h-px-lg-2 h-px-md-2 h-px-2 v-inner-lg-2 v-inner-md-2 v-inner-2 style-477 style-local-938-c36 position-relative\">\n              <!---->\n              <!---->\n              <div class=\"w-100 h-y-container h-column__content h-column__v-align flex-basis-100 align-self-lg-center align-self-md-center align-self-center\">\n                <!---->\n                <div data-colibri-id=\"938-c37\" class=\"d-block style-478 style-local-938-c37 position-relative h-element\">\n                  <!---->\n                  <div class=\"h-image__frame-container-outer\">\n                    <div class=\"h-image__frame-container\">\n                      <!---->\n                      <!---->\n                      <img loading=\"lazy\" decoding=\"async\" width=\"640\" height=\"426\" src=\"http:\/\/www.gemeinde-gottes-kirchberg.de\/wp-content\/uploads\/2020\/09\/cropped-jesus-8283_640.jpg\" class=\"wp-image-3345 style-478-image style-local-938-c37-image\" alt=\"\" srcset=\"https:\/\/www.gemeinde-gottes-kirchberg.de\/wp-content\/uploads\/2020\/09\/cropped-jesus-8283_640.jpg 640w, https:\/\/www.gemeinde-gottes-kirchberg.de\/wp-content\/uploads\/2020\/09\/cropped-jesus-8283_640-300x200.jpg 300w\" sizes=\"auto, (max-width: 640px) 100vw, 640px\" \/>\n                      <div class=\"h-image__frame h-hide-sm style-478-frameImage style-local-938-c37-frameImage\"><\/div>\n                    <\/div>\n                  <\/div>\n                <\/div>\n              <\/div>\n            <\/div>\n          <\/div>\n        <\/div>\n      <\/div>\n    <\/div>\n  <\/div>\n  <div data-colibri-component=\"section\" data-colibri-id=\"938-c38\" id=\"gott-kennenlernen\" class=\"h-section h-section-global-spacing d-flex align-items-lg-center align-items-md-center align-items-center style-479 style-local-938-c38 position-relative\">\n    <!---->\n    <!---->\n    <div class=\"h-section-grid-container h-section-boxed-container\">\n      <!---->\n      <div data-colibri-id=\"938-c39\" class=\"h-row-container gutters-row-lg-0 gutters-row-md-0 gutters-row-0 gutters-row-v-lg-0 gutters-row-v-md-0 gutters-row-v-0 style-480 style-local-938-c39 position-relative\">\n        <!---->\n        <div class=\"h-row justify-content-lg-center justify-content-md-center justify-content-center align-items-lg-stretch align-items-md-stretch align-items-stretch gutters-col-lg-0 gutters-col-md-0 gutters-col-0 gutters-col-v-lg-0 gutters-col-v-md-0 gutters-col-v-0\">\n          <!---->\n          <div class=\"h-column h-column-container d-flex h-col-lg-auto h-col-md-auto h-col-auto style-481-outer style-local-938-c40-outer\">\n            <div data-colibri-id=\"938-c40\" class=\"d-flex h-flex-basis h-column__inner h-ui-empty-state-container h-px-lg-0 h-px-md-0 h-px-0 v-inner-lg-0 v-inner-md-0 v-inner-0 style-481 style-local-938-c40 position-relative\">\n              <!---->\n              <!---->\n              <div class=\"w-100 h-y-container h-column__content h-column__v-align flex-basis-100\">\n                <!---->\n              <\/div>\n            <\/div>\n          <\/div>\n          <div class=\"h-column h-column-container d-flex h-col-lg-auto h-col-md-auto h-col-auto style-482-outer style-local-938-c41-outer\">\n            <div data-colibri-id=\"938-c41\" class=\"d-flex h-flex-basis h-column__inner h-px-lg-2 h-px-md-2 h-px-2 v-inner-lg-2 v-inner-md-2 v-inner-2 style-482 style-local-938-c41 position-relative\">\n              <!---->\n              <!---->\n              <div class=\"w-100 h-y-container h-column__content h-column__v-align flex-basis-100 align-self-lg-start align-self-md-start align-self-start\">\n                <!---->\n                <div data-colibri-id=\"938-c42\" class=\"h-global-transition-all h-heading style-484 style-local-938-c42 position-relative h-element\">\n                  <!---->\n                  <div class=\"h-heading__outer style-484 style-local-938-c42\">\n                    <!---->\n                    <!---->\n                    <h3 class=\"\"><span style=\"font-family: Arizonia; font-size: 170%;\">Gott<\/span> kennenlernen<\/h3>\n                  <\/div>\n                <\/div>\n                <div data-colibri-id=\"938-c43\" class=\"h-text h-text-component style-485 style-local-938-c43 position-relative h-element\">\n                  <!---->\n                  <!---->\n                  <div class=\"\">\n                    <p>In einem Dschungel von Meinungen und Vorstellungen \u00fcber Gott, scheint es unm\u00f6glich die Wahrheit zu finden.<\/p>\n                    <p>Doch Gott selbst hat Hinweise hinterlasse, wie wir zu ihm finden k\u00f6nnen!\n                      <br>\n                    <\/p>\n                  <\/div>\n                <\/div>\n                <div data-colibri-id=\"938-c44\" class=\"h-text h-text-component style-486 style-local-938-c44 position-relative h-element\">\n                  <!---->\n                  <!---->\n                  <div class=\"\">\n                    <p>M\u00f6chtest Du auf Spurensuche gehen?\n                      <br>\n                    <\/p>\n                  <\/div>\n                <\/div>\n                <div data-colibri-id=\"938-c45\" class=\"h-x-container style-489 style-local-938-c45 position-relative h-element\">\n                  <!---->\n                  <div class=\"h-x-container-inner style-dynamic-938-c45-group style-489-spacing style-local-938-c45-spacing\"><span class=\"h-button__outer style-490-outer style-local-938-c46-outer d-inline-flex h-element\"><a h-use-smooth-scroll=\"true\" href=\"http:\/\/www.gemeinde-gottes-kirchberg.de\/?cat=180\"  data-colibri-id=\"938-c46\" class=\"d-flex w-100 align-items-center h-button justify-content-lg-center justify-content-md-center justify-content-center style-490 style-local-938-c46 position-relative\"><!----><!----> <span>zur Themenreihe<\/span><\/a>\n                    <\/span>\n                  <\/div>\n                <\/div>\n              <\/div>\n            <\/div>\n          <\/div>\n        <\/div>\n      <\/div>\n    <\/div>\n  <\/div>\n<\/div>","protected":false},"excerpt":{"rendered":"<p>neues Leben &#8230;was bewegt heute Christen, ihr Leben auf Grunds\u00e4tze auszurichten, die wissenschaftlich nicht nachzuweisen sind? &#8230;wie erleben die Menschen eine Bekehrung oder Wiedergeburt in ein neues Leben mit Gott? In dieser Themenreihe erz\u00e4hlen Menschen, wie Gott pers\u00f6nlich in ihr Leben getreten ist zur Themenreihe Fragst Du nach dem Sinn des Lebens? Ist ein erf\u00fclltes [&hellip;]<\/p>\n","protected":false},"author":11,"featured_media":0,"parent":0,"menu_order":0,"comment_status":"closed","ping_status":"closed","template":"page-templates\/full-width-page.php","meta":{"_uag_custom_page_level_css":"","ngg_post_thumbnail":0,"_mc_calendar":[],"footnotes":""},"class_list":["post-938","page","type-page","status-publish","hentry"],"uagb_featured_image_src":{"full":false,"thumbnail":false,"medium":false,"medium_large":false,"large":false,"1536x1536":false,"2048x2048":false},"uagb_author_info":{"display_name":"daa","author_link":"https:\/\/www.gemeinde-gottes-kirchberg.de\/?author=11"},"uagb_comment_info":0,"uagb_excerpt":"neues Leben &#8230;was bewegt heute Christen, ihr Leben auf Grunds\u00e4tze auszurichten, die wissenschaftlich nicht nachzuweisen sind? &#8230;wie erleben die Menschen eine Bekehrung oder Wiedergeburt in ein neues Leben mit Gott? In dieser Themenreihe erz\u00e4hlen Menschen, wie Gott pers\u00f6nlich in ihr Leben getreten ist zur Themenreihe Fragst Du nach dem Sinn des Lebens? Ist ein erf\u00fclltes&hellip;","_links":{"self":[{"href":"https:\/\/www.gemeinde-gottes-kirchberg.de\/index.php?rest_route=\/wp\/v2\/pages\/938","targetHints":{"allow":["GET"]}}],"collection":[{"href":"https:\/\/www.gemeinde-gottes-kirchberg.de\/index.php?rest_route=\/wp\/v2\/pages"}],"about":[{"href":"https:\/\/www.gemeinde-gottes-kirchberg.de\/index.php?rest_route=\/wp\/v2\/types\/page"}],"author":[{"embeddable":true,"href":"https:\/\/www.gemeinde-gottes-kirchberg.de\/index.php?rest_route=\/wp\/v2\/users\/11"}],"replies":[{"embeddable":true,"href":"https:\/\/www.gemeinde-gottes-kirchberg.de\/index.php?rest_route=%2Fwp%2Fv2%2Fcomments&post=938"}],"version-history":[{"count":20,"href":"https:\/\/www.gemeinde-gottes-kirchberg.de\/index.php?rest_route=\/wp\/v2\/pages\/938\/revisions"}],"predecessor-version":[{"id":3383,"href":"https:\/\/www.gemeinde-gottes-kirchberg.de\/index.php?rest_route=\/wp\/v2\/pages\/938\/revisions\/3383"}],"wp:attachment":[{"href":"https:\/\/www.gemeinde-gottes-kirchberg.de\/index.php?rest_route=%2Fwp%2Fv2%2Fmedia&parent=938"}],"curies":[{"name":"wp","href":"https:\/\/api.w.org\/{rel}","templated":true}]}}